{"id":25,"date":"2017-10-03T19:45:15","date_gmt":"2017-10-03T17:45:15","guid":{"rendered":"http:\/\/lodfill.fr\/?page_id=25"},"modified":"2021-10-20T17:52:30","modified_gmt":"2021-10-20T13:52:30","slug":"accueil","status":"publish","type":"page","link":"http:\/\/lodfill.fr\/","title":{"rendered":"Accueil"},"content":{"rendered":"LODFILL Productions est une soci\u00e9t\u00e9 de production audiovisuelle cr\u00e9\u00e9e sur l\u2019\u00cele de La R\u00e9union en 2017.\nElle r\u00e9alise et produit des films et documentaires de cr\u00e9ation sur des th\u00e9matiques de soci\u00e9t\u00e9 et de d\u00e9couverte, autour des territoires de montagne, littoraux et insulaires. Nos productions ont pour ambition d\u2019aborder la complexit\u00e9 de notre \u00e9poque et ses enjeux sous une forme attrayante, didactique et innovante. <strong>Notre point fort est d\u2019emmener les spectateurs en immersion dans la vie de personnages engag\u00e9s, de produire des films \u00ab qui font sens \u00bb et de mettre en lumi\u00e8re l\u2019humain, dans son rapport \u00e0 la nature et \u00e0 son environnement. Dans tous nos films, nous nous int\u00e9ressons \u00e0 des personnages qui \u00e0 un moment de leur vie se sont sentis investis d\u2019une mission et se sont engag\u00e9s pour l\u2019accomplir jusqu\u2019\u00e0 la fin.<\/strong>\n\n\n\nNos \u00e9quipes sont anim\u00e9es par des valeurs de bienveillance, transmission et humanisme. Structure \u00e0 taille humaine, nous disposons de comp\u00e9tences transversales nous permettant d\u2019int\u00e9grer l\u2019ensemble de la cha\u00eene de fabrication de nos films, du d\u00e9veloppement \u00e0 la post- production.\nEn combinant des comp\u00e9tences dans l\u2019image, l\u2019\u00e9criture et la production, nous cherchons \u00e0 la fois \u00e0 produire des documentaires esth\u00e9tiques aux ambiances soign\u00e9es et \u00e0 ce que notre propos soit le plus r\u00e9aliste et\/ou didactique possible.\nNous souhaitons soutenir des histoires et des points de vue locaux et de les porter sur l\u2019\u00e9chiquier national et international \u00e0 travers des co-productions.\n\n","protected":false},"excerpt":{"rendered":"<p>LODFILL Productions est une soci\u00e9t\u00e9 de production audiovisuelle cr\u00e9\u00e9e sur l\u2019\u00cele de La R\u00e9union en 2017. Elle r\u00e9alise et produit des films et documentaires de &hellip;<\/p>\n","protected":false},"author":1,"featured_media":0,"parent":0,"menu_order":0,"comment_status":"closed","ping_status":"closed","template":"","meta":{"footnotes":""},"_links":{"self":[{"href":"http:\/\/lodfill.fr\/index.php?rest_route=\/wp\/v2\/pages\/25"}],"collection":[{"href":"http:\/\/lodfill.fr\/index.php?rest_route=\/wp\/v2\/pages"}],"about":[{"href":"http:\/\/lodfill.fr\/index.php?rest_route=\/wp\/v2\/types\/page"}],"author":[{"embeddable":true,"href":"http:\/\/lodfill.fr\/index.php?rest_route=\/wp\/v2\/users\/1"}],"replies":[{"embeddable":true,"href":"http:\/\/lodfill.fr\/index.php?rest_route=%2Fwp%2Fv2%2Fcomments&post=25"}],"version-history":[{"count":15,"href":"http:\/\/lodfill.fr\/index.php?rest_route=\/wp\/v2\/pages\/25\/revisions"}],"predecessor-version":[{"id":616,"href":"http:\/\/lodfill.fr\/index.php?rest_route=\/wp\/v2\/pages\/25\/revisions\/616"}],"wp:attachment":[{"href":"http:\/\/lodfill.fr\/index.php?rest_route=%2Fwp%2Fv2%2Fmedia&parent=25"}],"curies":[{"name":"wp","href":"https:\/\/api.w.org\/{rel}","templated":true}]}}